{"id":2,"date":"2025-11-14T12:54:49","date_gmt":"2025-11-14T12:54:49","guid":{"rendered":"http:\/\/aero.clvr.ovh\/?page_id=2"},"modified":"2025-12-16T13:22:44","modified_gmt":"2025-12-16T13:22:44","slug":"sample-page","status":"publish","type":"page","link":"https:\/\/aero.clvr.ovh\/index.php\/sample-page\/","title":{"rendered":"Nous contacter"},"content":{"rendered":"\n<p>Vous pouvez contacter le bureau d&rsquo;accueil de l&rsquo;a\u00e9rodrome de Cuers &#8211; Pierrefeu : <\/p>\n\n\n\n<p>par mail : aerodromecivilcuers@gmail.com<\/p>\n\n\n\n<p>par t\u00e9l\u00e9phone : + 33 6 80 54 30 31 <\/p>\n\n\n\n<p><\/p>\n","protected":false},"excerpt":{"rendered":"<p>Vous pouvez contacter le bureau d&rsquo;accueil de l&rsquo;a\u00e9rodrome de Cuers &#8211; Pierrefeu : par mail : aerodromecivilcuers@gmail.com par t\u00e9l\u00e9phone : + 33 6 80 54 30 31<\/p>\n","protected":false},"author":1,"featured_media":0,"parent":0,"menu_order":0,"comment_status":"closed","ping_status":"open","template":"","meta":{"footnotes":""},"class_list":["post-2","page","type-page","status-publish","hentry"],"_links":{"self":[{"href":"https:\/\/aero.clvr.ovh\/index.php\/wp-json\/wp\/v2\/pages\/2","targetHints":{"allow":["GET"]}}],"collection":[{"href":"https:\/\/aero.clvr.ovh\/index.php\/wp-json\/wp\/v2\/pages"}],"about":[{"href":"https:\/\/aero.clvr.ovh\/index.php\/wp-json\/wp\/v2\/types\/page"}],"author":[{"embeddable":true,"href":"https:\/\/aero.clvr.ovh\/index.php\/wp-json\/wp\/v2\/users\/1"}],"replies":[{"embeddable":true,"href":"https:\/\/aero.clvr.ovh\/index.php\/wp-json\/wp\/v2\/comments?post=2"}],"version-history":[{"count":2,"href":"https:\/\/aero.clvr.ovh\/index.php\/wp-json\/wp\/v2\/pages\/2\/revisions"}],"predecessor-version":[{"id":16,"href":"https:\/\/aero.clvr.ovh\/index.php\/wp-json\/wp\/v2\/pages\/2\/revisions\/16"}],"wp:attachment":[{"href":"https:\/\/aero.clvr.ovh\/index.php\/wp-json\/wp\/v2\/media?parent=2"}],"curies":[{"name":"wp","href":"https:\/\/api.w.org\/{rel}","templated":true}]}}